{"id":2867,"date":"2025-03-21T17:42:16","date_gmt":"2025-03-21T17:42:16","guid":{"rendered":"https:\/\/megaword.com.br\/?post_type=product&#038;p=2867"},"modified":"2025-03-21T17:44:48","modified_gmt":"2025-03-21T17:44:48","slug":"toner-q5949a-q7553a-3k-universal-evolut","status":"publish","type":"product","link":"https:\/\/megaword.com.br\/?product=toner-q5949a-q7553a-3k-universal-evolut","title":{"rendered":"TONER CE505A \/ CF 289A UNIVERSAL EVOLUT"},"content":{"rendered":"","protected":false},"excerpt":{"rendered":"<p>O cartucho toner Evolut \u00e9 100% compat\u00edvel para equipamentos Samsung (verificar equipamentos compat\u00edveis). Com ele voc\u00ea economiza e tem impress\u00f5es di\u00e1rias com qualidade!<\/p>\n<p>Fabricado com alta performance, \u00e9 produzido na cor preta e rende at\u00e9 1000 p\u00e1ginas em alta defini\u00e7\u00e3o, ideal para utilizar em escrit\u00f3rios, escolas, trabalhos da faculdade, home-office, etc.<\/p>\n","protected":false},"featured_media":2847,"comment_status":"open","ping_status":"closed","template":"","meta":{"_acf_changed":false},"product_brand":[],"product_cat":[30],"product_tag":[],"class_list":{"0":"post-2867","1":"product","2":"type-product","3":"status-publish","4":"has-post-thumbnail","6":"product_cat-toner","8":"first","9":"instock","10":"shipping-taxable","11":"purchasable","12":"product-type-simple"},"acf":[],"_links":{"self":[{"href":"https:\/\/megaword.com.br\/index.php?rest_route=\/wp\/v2\/product\/2867","targetHints":{"allow":["GET"]}}],"collection":[{"href":"https:\/\/megaword.com.br\/index.php?rest_route=\/wp\/v2\/product"}],"about":[{"href":"https:\/\/megaword.com.br\/index.php?rest_route=\/wp\/v2\/types\/product"}],"replies":[{"embeddable":true,"href":"https:\/\/megaword.com.br\/index.php?rest_route=%2Fwp%2Fv2%2Fcomments&post=2867"}],"wp:featuredmedia":[{"embeddable":true,"href":"https:\/\/megaword.com.br\/index.php?rest_route=\/wp\/v2\/media\/2847"}],"wp:attachment":[{"href":"https:\/\/megaword.com.br\/index.php?rest_route=%2Fwp%2Fv2%2Fmedia&parent=2867"}],"wp:term":[{"taxonomy":"product_brand","embeddable":true,"href":"https:\/\/megaword.com.br\/index.php?rest_route=%2Fwp%2Fv2%2Fproduct_brand&post=2867"},{"taxonomy":"product_cat","embeddable":true,"href":"https:\/\/megaword.com.br\/index.php?rest_route=%2Fwp%2Fv2%2Fproduct_cat&post=2867"},{"taxonomy":"product_tag","embeddable":true,"href":"https:\/\/megaword.com.br\/index.php?rest_route=%2Fwp%2Fv2%2Fproduct_tag&post=2867"}],"curies":[{"name":"wp","href":"https:\/\/api.w.org\/{rel}","templated":true}]}}