{"id":2874,"date":"2025-03-21T17:53:39","date_gmt":"2025-03-21T17:53:39","guid":{"rendered":"https:\/\/megaword.com.br\/?post_type=product&#038;p=2874"},"modified":"2025-03-21T17:55:26","modified_gmt":"2025-03-21T17:55:26","slug":"foto-condutor-dr-630-0660-2370-evolut","status":"publish","type":"product","link":"https:\/\/megaword.com.br\/?product=foto-condutor-dr-630-0660-2370-evolut","title":{"rendered":"FOTO CONDUTOR (DR) 630 \/ 0660 \/ 2370 EVOLUT"},"content":{"rendered":"","protected":false},"excerpt":{"rendered":"<p>INFORMA\u00c7\u00d5ES: Os fotocondutores apresentam alta tecnologia, pois tem como fun\u00e7\u00e3o reproduzir imagens com \u00f3tima qualidade, por isso possuem extrema precis\u00e3o para a realiza\u00e7\u00e3o de imagens muito n\u00edtidas. Os dispositivos que est\u00e3o envolvidos na capta\u00e7\u00e3o de imagens devem ser acompanhados com regularidade. Especifica\u00e7\u00f5es de impress\u00e3o<\/p>\n","protected":false},"featured_media":2875,"comment_status":"open","ping_status":"closed","template":"","meta":{"_acf_changed":false},"product_brand":[],"product_cat":[119],"product_tag":[],"class_list":{"0":"post-2874","1":"product","2":"type-product","3":"status-publish","4":"has-post-thumbnail","6":"product_cat-foto-condutor","8":"first","9":"instock","10":"shipping-taxable","11":"purchasable","12":"product-type-simple"},"acf":[],"_links":{"self":[{"href":"https:\/\/megaword.com.br\/index.php?rest_route=\/wp\/v2\/product\/2874","targetHints":{"allow":["GET"]}}],"collection":[{"href":"https:\/\/megaword.com.br\/index.php?rest_route=\/wp\/v2\/product"}],"about":[{"href":"https:\/\/megaword.com.br\/index.php?rest_route=\/wp\/v2\/types\/product"}],"replies":[{"embeddable":true,"href":"https:\/\/megaword.com.br\/index.php?rest_route=%2Fwp%2Fv2%2Fcomments&post=2874"}],"wp:featuredmedia":[{"embeddable":true,"href":"https:\/\/megaword.com.br\/index.php?rest_route=\/wp\/v2\/media\/2875"}],"wp:attachment":[{"href":"https:\/\/megaword.com.br\/index.php?rest_route=%2Fwp%2Fv2%2Fmedia&parent=2874"}],"wp:term":[{"taxonomy":"product_brand","embeddable":true,"href":"https:\/\/megaword.com.br\/index.php?rest_route=%2Fwp%2Fv2%2Fproduct_brand&post=2874"},{"taxonomy":"product_cat","embeddable":true,"href":"https:\/\/megaword.com.br\/index.php?rest_route=%2Fwp%2Fv2%2Fproduct_cat&post=2874"},{"taxonomy":"product_tag","embeddable":true,"href":"https:\/\/megaword.com.br\/index.php?rest_route=%2Fwp%2Fv2%2Fproduct_tag&post=2874"}],"curies":[{"name":"wp","href":"https:\/\/api.w.org\/{rel}","templated":true}]}}