{"id":456,"date":"2022-08-19T19:52:08","date_gmt":"2022-08-19T19:52:08","guid":{"rendered":"https:\/\/tw10.com.br\/megaword\/?post_type=product&#038;p=456"},"modified":"2022-08-19T20:26:40","modified_gmt":"2022-08-19T20:26:40","slug":"toner-compativel-hp-q2612a","status":"publish","type":"product","link":"https:\/\/megaword.com.br\/?product=toner-compativel-hp-q2612a","title":{"rendered":"TONER COMPAT\u00cdVEL HP Q2612A"},"content":{"rendered":"<p><strong>ESPECIFICA\u00c7\u00d5ES T\u00c9CNICAS<\/strong><\/p>\n<p>&#8211; Marca: Evolut<\/p>\n<p>&#8211; Modelo: Q2612A<\/p>\n<p>&#8211; Linha: Alta Performance<\/p>\n<p>&#8211; Cor: Preto<\/p>\n<p>&#8211; Rendimento de p\u00e1ginas: 2000<\/p>\n<p>&#8211; Medidas da embalagem (L x A x P): 30,5 x 11,70 x 9,5 cm<\/p>\n<p>&#8211; Peso da embalagem: 605g<\/p>\n<p>&nbsp;<\/p>\n<p><strong>EQUIPAMENTOS COMPAT\u00cdVEIS<\/strong><\/p>\n<p>&#8211; HP LaserJet 1010<\/p>\n<p>&#8211; HP LaserJet 1012<\/p>\n<p>&#8211; HP LaserJet 1015<\/p>\n<p>&#8211; HP LaserJet 1018<\/p>\n<p>&#8211; HP LaserJet 1020<\/p>\n<p>&#8211; HP LaserJet 1020 Plus<\/p>\n<p>&#8211; HP LaserJet 1022<\/p>\n<p>&#8211; HP LaserJet 3015<\/p>\n<p>&#8211; HP LaserJet 3020<\/p>\n<p>&#8211; HP LaserJet 3030<\/p>\n<p>&#8211; HP LaserJet 3050<\/p>\n<p>&#8211; HP LaserJet 3050Z<\/p>\n<p>&#8211; HP LaserJet 3052<\/p>\n<p>&#8211; HP LaserJet 3055<\/p>\n<p>&#8211; HP LaserJet M1005 mfp<\/p>\n<p>&#8211; HP LaserJet M1319f mfp<\/p>\n<p>&nbsp;<\/p>\n<p><strong>OBSERVA\u00c7\u00d5ES<\/strong><\/p>\n<p>O cartucho toner Evolut substitui o modelo de cartucho Preto HP 12A (Q2612A)<\/p>\n<p>&nbsp;<\/p>\n<p><strong>CONTE\u00daDO DA EMBALAGEM<\/strong><\/p>\n<p>&#8211; 1 Cartucho toner 12A 100% compat\u00edvel &#8211; Evolut<\/p>\n<p>&nbsp;<\/p>\n<p><strong>GARANTIA DO FABRICANTE<\/strong><\/p>\n<p>&#8211; 3 meses<\/p>\n","protected":false},"excerpt":{"rendered":"<p>O cartucho toner Evolut \u00e9 100% compat\u00edvel para equipamentos HP (verificar equipamentos compat\u00edveis). Com ele voc\u00ea economiza e tem impress\u00f5es di\u00e1rias com qualidade!<\/p>\n<p>Fabricado com alta performance, \u00e9 produzido na cor preta e rende at\u00e9 2000 p\u00e1ginas, ideal para utilizar em escrit\u00f3rios, escolas, trabalhos da faculdade, home-office, etc.<\/p>\n<p>Impress\u00e3o, economia e alta qualidade nunca combinaram tanto!<\/p>\n","protected":false},"featured_media":457,"comment_status":"open","ping_status":"closed","template":"","meta":{"_acf_changed":false},"product_brand":[],"product_cat":[38,30],"product_tag":[],"class_list":{"0":"post-456","1":"product","2":"type-product","3":"status-publish","4":"has-post-thumbnail","6":"product_cat-hp","7":"product_cat-toner","9":"first","10":"instock","11":"shipping-taxable","12":"purchasable","13":"product-type-simple"},"acf":[],"_links":{"self":[{"href":"https:\/\/megaword.com.br\/index.php?rest_route=\/wp\/v2\/product\/456","targetHints":{"allow":["GET"]}}],"collection":[{"href":"https:\/\/megaword.com.br\/index.php?rest_route=\/wp\/v2\/product"}],"about":[{"href":"https:\/\/megaword.com.br\/index.php?rest_route=\/wp\/v2\/types\/product"}],"replies":[{"embeddable":true,"href":"https:\/\/megaword.com.br\/index.php?rest_route=%2Fwp%2Fv2%2Fcomments&post=456"}],"wp:featuredmedia":[{"embeddable":true,"href":"https:\/\/megaword.com.br\/index.php?rest_route=\/wp\/v2\/media\/457"}],"wp:attachment":[{"href":"https:\/\/megaword.com.br\/index.php?rest_route=%2Fwp%2Fv2%2Fmedia&parent=456"}],"wp:term":[{"taxonomy":"product_brand","embeddable":true,"href":"https:\/\/megaword.com.br\/index.php?rest_route=%2Fwp%2Fv2%2Fproduct_brand&post=456"},{"taxonomy":"product_cat","embeddable":true,"href":"https:\/\/megaword.com.br\/index.php?rest_route=%2Fwp%2Fv2%2Fproduct_cat&post=456"},{"taxonomy":"product_tag","embeddable":true,"href":"https:\/\/megaword.com.br\/index.php?rest_route=%2Fwp%2Fv2%2Fproduct_tag&post=456"}],"curies":[{"name":"wp","href":"https:\/\/api.w.org\/{rel}","templated":true}]}}