{"id":465,"date":"2022-08-20T12:06:25","date_gmt":"2022-08-20T12:06:25","guid":{"rendered":"https:\/\/tw10.com.br\/megaword\/?post_type=product&#038;p=465"},"modified":"2022-08-20T12:07:20","modified_gmt":"2022-08-20T12:07:20","slug":"toner-compativel-hp-83a-cf283a","status":"publish","type":"product","link":"https:\/\/megaword.com.br\/?product=toner-compativel-hp-83a-cf283a","title":{"rendered":"TONER COMPAT\u00cdVEL HP CF283A"},"content":{"rendered":"<p><strong>ESPECIFICA\u00c7\u00d5ES T\u00c9CNICAS<\/strong><\/p>\n<p>&#8211; Marca: Evolut<\/p>\n<p>&#8211; Modelo: CF283A<\/p>\n<p>&#8211; Linha: Alta Performance<\/p>\n<p>&#8211; Cor: Preto<\/p>\n<p>&#8211; Rendimento de p\u00e1ginas: 1500<\/p>\n<p>&#8211; Medidas da embalagem (L x A x P): 30,2 x 10 x 9 cm<\/p>\n<p>&#8211; Peso da embalagem: 605g<\/p>\n<p>&nbsp;<\/p>\n<p><strong>EQUIPAMENTOS COMPAT\u00cdVEIS<\/strong><\/p>\n<p>&#8211; HP LaserJet Pro MFP M126a<\/p>\n<p>&#8211; HP LaserJet Pro MFP M127fn<\/p>\n<p>&#8211; HP LaserJet Pro MFP M127fw<\/p>\n<p>&#8211; HP LaserJet Pro MFP M128fn<\/p>\n<p>&#8211; HP LaserJet Pro MFP M128fp<\/p>\n<p>&#8211; HP LaserJet Pro MFP M128fw<\/p>\n<p>&#8211; HP LaserJet Pro MFP M125nw<\/p>\n<p>&#8211; HP LaserJet Pro MFP M125a<\/p>\n<p>&#8211; HP LaserJet Pro MFP M225dw<\/p>\n<p>&#8211; HP LaserJet Pro MFP M201dw<\/p>\n<p>&#8211; HP LaserJet Pro MFP M225dn<\/p>\n<p>&#8211; HP LaserJet Pro MFP M201dn<\/p>\n<p>&nbsp;<\/p>\n<p><strong>OBSERVA\u00c7\u00d5ES<\/strong><\/p>\n<p>O cartucho toner Evolut substitui os modelos de cartuchos Preto HP 83A (CF283A)<\/p>\n<p>&nbsp;<\/p>\n<p><strong>CONTE\u00daDO DA EMBALAGEM<\/strong><\/p>\n<p>&#8211; 1 Cartucho toner 83A 100% compat\u00edvel &#8211; Evolut<\/p>\n<p>&nbsp;<\/p>\n<p><strong>GARANTIA DO FABRICANTE<\/strong><\/p>\n<p>&#8211; 3 meses<\/p>\n","protected":false},"excerpt":{"rendered":"<p>O cartucho toner Evolut \u00e9 100% compat\u00edvel para equipamentos HP (verificar equipamentos compat\u00edveis). Com ele voc\u00ea economiza e tem impress\u00f5es di\u00e1rias com qualidade!<\/p>\n<p>Fabricado com alta performance, \u00e9 produzido na cor preta e rende at\u00e9 1500 p\u00e1ginas, ideal para utilizar em escrit\u00f3rios, escolas, trabalhos da faculdade, home-office, etc.<\/p>\n<p>Impress\u00e3o, economia e alta qualidade nunca combinaram tanto!<\/p>\n","protected":false},"featured_media":466,"comment_status":"open","ping_status":"closed","template":"","meta":{"_acf_changed":false},"product_brand":[],"product_cat":[38,30],"product_tag":[],"class_list":{"0":"post-465","1":"product","2":"type-product","3":"status-publish","4":"has-post-thumbnail","6":"product_cat-hp","7":"product_cat-toner","9":"first","10":"instock","11":"shipping-taxable","12":"purchasable","13":"product-type-simple"},"acf":[],"_links":{"self":[{"href":"https:\/\/megaword.com.br\/index.php?rest_route=\/wp\/v2\/product\/465","targetHints":{"allow":["GET"]}}],"collection":[{"href":"https:\/\/megaword.com.br\/index.php?rest_route=\/wp\/v2\/product"}],"about":[{"href":"https:\/\/megaword.com.br\/index.php?rest_route=\/wp\/v2\/types\/product"}],"replies":[{"embeddable":true,"href":"https:\/\/megaword.com.br\/index.php?rest_route=%2Fwp%2Fv2%2Fcomments&post=465"}],"wp:featuredmedia":[{"embeddable":true,"href":"https:\/\/megaword.com.br\/index.php?rest_route=\/wp\/v2\/media\/466"}],"wp:attachment":[{"href":"https:\/\/megaword.com.br\/index.php?rest_route=%2Fwp%2Fv2%2Fmedia&parent=465"}],"wp:term":[{"taxonomy":"product_brand","embeddable":true,"href":"https:\/\/megaword.com.br\/index.php?rest_route=%2Fwp%2Fv2%2Fproduct_brand&post=465"},{"taxonomy":"product_cat","embeddable":true,"href":"https:\/\/megaword.com.br\/index.php?rest_route=%2Fwp%2Fv2%2Fproduct_cat&post=465"},{"taxonomy":"product_tag","embeddable":true,"href":"https:\/\/megaword.com.br\/index.php?rest_route=%2Fwp%2Fv2%2Fproduct_tag&post=465"}],"curies":[{"name":"wp","href":"https:\/\/api.w.org\/{rel}","templated":true}]}}