{"id":470,"date":"2022-08-20T12:21:30","date_gmt":"2022-08-20T12:21:30","guid":{"rendered":"https:\/\/tw10.com.br\/megaword\/?post_type=product&#038;p=470"},"modified":"2022-08-20T12:21:30","modified_gmt":"2022-08-20T12:21:30","slug":"toner-compativel-samsung-d105s-d105l-mlt-d105","status":"publish","type":"product","link":"https:\/\/megaword.com.br\/?product=toner-compativel-samsung-d105s-d105l-mlt-d105","title":{"rendered":"TONER COMPAT\u00cdVEL SAMSUNG D105S D105L MLT-D105"},"content":{"rendered":"<p>ESPECIFICA\u00c7\u00d5ES T\u00c9CNICAS<\/p>\n<p>&#8211; Marca: Evolut<\/p>\n<p>&#8211; Modelo: D105<\/p>\n<p>&#8211; Linha: LaserJet<\/p>\n<p>&#8211; Cor: Preto<\/p>\n<p>&#8211; Rendimento de p\u00e1ginas: 2500<\/p>\n<p>&#8211; Medidas da embalagem (L x A x P): 31 x 16,5 x 8,5 cm<\/p>\n<p>&#8211; Peso da embalagem: 859g<\/p>\n<p>&nbsp;<\/p>\n<p>EQUIPAMENTOS COMPAT\u00cdVEIS<\/p>\n<p>&#8211; Impressora Samsung ML-1911<\/p>\n<p>&#8211; Impressora Samsung ML-1911 XIL<\/p>\n<p>&#8211; Impressora Samsung ML-2526<\/p>\n<p>&#8211; Impressora Samsung ML-2526 XIL<\/p>\n<p>&#8211; Impressora Samsung ML-2581N<\/p>\n<p>&#8211; Impressora Samsung ML-2581 XIL<\/p>\n<p>&#8211; Impressora Samsung SF-651<\/p>\n<p>&#8211; Impressora Samsung SF-651P<\/p>\n<p>&#8211; Impressora Samsung SF-651 XIL<\/p>\n<p>&#8211; Impressora Samsung SCX-4601<\/p>\n<p>&#8211; Impressora Samsung SCX-4601 XIL<\/p>\n<p>&#8211; Impressora Samsung SCX-4623FH<\/p>\n<p>&#8211; Impressora Samsung SCX-4623 XIL<\/p>\n<p>&#8211; Impressora Samsung ML-1916K<\/p>\n<p>&#8211; Impressora Samsung ML-1915K<\/p>\n<p>&#8211; Impressora Samsung ML-1910K<\/p>\n<p>&#8211; Impressora Samsung ML-2525K<\/p>\n<p>&#8211; Impressora Samsung SCX-4600K<\/p>\n<p>&#8211; Impressora Samsung ML-2580NK<\/p>\n<p>&#8211; Impressora Samsung SCX-4610K<\/p>\n<p>&#8211; Impressora Samsung SCX-4605K<\/p>\n<p>&#8211; Impressora Samsung SCX-4623FK<\/p>\n<p>&#8211; Impressora Samsung SCX-4623FN<\/p>\n<p>&#8211; Impressora Samsung CF-650<\/p>\n<p>&#8211; Impressora Samsung CF-650P<\/p>\n<p>&nbsp;<\/p>\n<p>OBSERVA\u00c7\u00d5ES<\/p>\n<p>O cartucho toner Evolut substitui os modelos de cartuchos Samsung D105L e D105S;<\/p>\n<p>&nbsp;<\/p>\n<p>CONTE\u00daDO DA EMBALAGEM<\/p>\n<p>&#8211; 1 Cartucho toner D105 100% compat\u00edvel &#8211; Evolut<\/p>\n<p>&nbsp;<\/p>\n<p>GARANTIA DO FABRICANTE<\/p>\n<p>&#8211; 3 meses<\/p>\n","protected":false},"excerpt":{"rendered":"<p>O cartucho toner Evolut \u00e9 100% compat\u00edvel para equipamentos Samsung (verificar equipamentos compat\u00edveis). Com ele voc\u00ea economiza e tem impress\u00f5es di\u00e1rias com qualidade!<\/p>\n<p>Fabricado com alta performance, \u00e9 produzido na cor preta e rende at\u00e9 2500 p\u00e1ginas em alta defini\u00e7\u00e3o, ideal para utilizar em escrit\u00f3rios, escolas, trabalhos da faculdade, home-office, etc.<\/p>\n","protected":false},"featured_media":471,"comment_status":"open","ping_status":"closed","template":"","meta":{"_acf_changed":false},"product_brand":[],"product_cat":[39,30],"product_tag":[],"class_list":{"0":"post-470","1":"product","2":"type-product","3":"status-publish","4":"has-post-thumbnail","6":"product_cat-samsung","7":"product_cat-toner","9":"first","10":"instock","11":"shipping-taxable","12":"purchasable","13":"product-type-simple"},"acf":[],"_links":{"self":[{"href":"https:\/\/megaword.com.br\/index.php?rest_route=\/wp\/v2\/product\/470","targetHints":{"allow":["GET"]}}],"collection":[{"href":"https:\/\/megaword.com.br\/index.php?rest_route=\/wp\/v2\/product"}],"about":[{"href":"https:\/\/megaword.com.br\/index.php?rest_route=\/wp\/v2\/types\/product"}],"replies":[{"embeddable":true,"href":"https:\/\/megaword.com.br\/index.php?rest_route=%2Fwp%2Fv2%2Fcomments&post=470"}],"wp:featuredmedia":[{"embeddable":true,"href":"https:\/\/megaword.com.br\/index.php?rest_route=\/wp\/v2\/media\/471"}],"wp:attachment":[{"href":"https:\/\/megaword.com.br\/index.php?rest_route=%2Fwp%2Fv2%2Fmedia&parent=470"}],"wp:term":[{"taxonomy":"product_brand","embeddable":true,"href":"https:\/\/megaword.com.br\/index.php?rest_route=%2Fwp%2Fv2%2Fproduct_brand&post=470"},{"taxonomy":"product_cat","embeddable":true,"href":"https:\/\/megaword.com.br\/index.php?rest_route=%2Fwp%2Fv2%2Fproduct_cat&post=470"},{"taxonomy":"product_tag","embeddable":true,"href":"https:\/\/megaword.com.br\/index.php?rest_route=%2Fwp%2Fv2%2Fproduct_tag&post=470"}],"curies":[{"name":"wp","href":"https:\/\/api.w.org\/{rel}","templated":true}]}}