{"id":477,"date":"2022-08-22T13:17:35","date_gmt":"2022-08-22T13:17:35","guid":{"rendered":"https:\/\/tw10.com.br\/megaword\/?post_type=product&#038;p=477"},"modified":"2022-08-22T13:32:33","modified_gmt":"2022-08-22T13:32:33","slug":"toner-compativel-hp-ml1610","status":"publish","type":"product","link":"https:\/\/megaword.com.br\/?product=toner-compativel-hp-ml1610","title":{"rendered":"TONER COMPAT\u00cdVEL HP ML1610"},"content":{"rendered":"<p>ESPECIFICA\u00c7\u00d5ES T\u00c9CNICAS<\/p>\n<p>&#8211; Marca: Evolut<\/p>\n<p>&#8211; Modelo: ML1610<\/p>\n<p>&#8211; Linha: LaserJet<\/p>\n<p>&#8211; Cor: Preto<\/p>\n<p>&#8211; Rendimento de p\u00e1ginas: 3000<\/p>\n<p>&#8211; Medidas da embalagem: (L x A x P): 33.5 x 16 x 10 cm<\/p>\n<p>&#8211; Peso da embalagem: 878g<\/p>\n<p>&nbsp;<\/p>\n<p>EQUIPAMENTOS COMPAT\u00cdVEIS<\/p>\n<div class=\"box-collateral box-compatibilidade\">\n<div class=\"std\">\n<p><span lang=\"EN-US\">&#8211; Samsung ML-1610<\/span><\/p>\n<p><span lang=\"EN-US\">&#8211; Samsung ML-2010<\/span><\/p>\n<p><span lang=\"EN-US\">&#8211; Samsung ML-2010R<\/span><\/p>\n<p><span lang=\"EN-US\">&#8211; Samsung ML-2510<\/span><\/p>\n<p><span lang=\"EN-US\">&#8211; Samsung ML-2570<\/span><\/p>\n<p><span lang=\"EN-US\">&#8211; Samsung ML-2571N<\/span><\/p>\n<p><span lang=\"EN-US\">&#8211; Samsung SCX-4321<\/span><\/p>\n<p><span lang=\"EN-US\">&#8211; Samsung SCX-4521F<\/span><\/p>\n<p><span lang=\"EN-US\">&#8211; Xerox PE220<\/span><\/p>\n<\/div>\n<\/div>\n<p>&nbsp;<\/p>\n<p>CONTE\u00daDO DA EMBALAGEM<\/p>\n<p>&#8211; &#8211; 1 Cartucho toner 100% compat\u00edvel ML1610 Evolut<\/p>\n<p>&nbsp;<\/p>\n<p>GARANTIA DO FABRICANTE<\/p>\n<p>&#8211; 3 meses<\/p>\n","protected":false},"excerpt":{"rendered":"<p>O cartucho toner Evolut \u00e9 100% compat\u00edvel para equipamentos Samsung (verificar equipamentos compat\u00edveis). Com ele voc\u00ea economiza e tem impress\u00f5es di\u00e1rias com qualidade!<\/p>\n<p>Fabricado com alta performance, \u00e9 produzido na cor preta e rende at\u00e9 3000 p\u00e1ginas em alta defini\u00e7\u00e3o, ideal para utilizar em escrit\u00f3rios, escolas, trabalhos da faculdade, home-office, etc.<\/p>\n","protected":false},"featured_media":478,"comment_status":"open","ping_status":"closed","template":"","meta":{"_acf_changed":false},"product_brand":[],"product_cat":[38,30],"product_tag":[],"class_list":{"0":"post-477","1":"product","2":"type-product","3":"status-publish","4":"has-post-thumbnail","6":"product_cat-hp","7":"product_cat-toner","9":"first","10":"instock","11":"shipping-taxable","12":"purchasable","13":"product-type-simple"},"acf":[],"_links":{"self":[{"href":"https:\/\/megaword.com.br\/index.php?rest_route=\/wp\/v2\/product\/477","targetHints":{"allow":["GET"]}}],"collection":[{"href":"https:\/\/megaword.com.br\/index.php?rest_route=\/wp\/v2\/product"}],"about":[{"href":"https:\/\/megaword.com.br\/index.php?rest_route=\/wp\/v2\/types\/product"}],"replies":[{"embeddable":true,"href":"https:\/\/megaword.com.br\/index.php?rest_route=%2Fwp%2Fv2%2Fcomments&post=477"}],"wp:featuredmedia":[{"embeddable":true,"href":"https:\/\/megaword.com.br\/index.php?rest_route=\/wp\/v2\/media\/478"}],"wp:attachment":[{"href":"https:\/\/megaword.com.br\/index.php?rest_route=%2Fwp%2Fv2%2Fmedia&parent=477"}],"wp:term":[{"taxonomy":"product_brand","embeddable":true,"href":"https:\/\/megaword.com.br\/index.php?rest_route=%2Fwp%2Fv2%2Fproduct_brand&post=477"},{"taxonomy":"product_cat","embeddable":true,"href":"https:\/\/megaword.com.br\/index.php?rest_route=%2Fwp%2Fv2%2Fproduct_cat&post=477"},{"taxonomy":"product_tag","embeddable":true,"href":"https:\/\/megaword.com.br\/index.php?rest_route=%2Fwp%2Fv2%2Fproduct_tag&post=477"}],"curies":[{"name":"wp","href":"https:\/\/api.w.org\/{rel}","templated":true}]}}