{"id":520,"date":"2022-10-18T19:50:19","date_gmt":"2022-10-18T19:50:19","guid":{"rendered":"https:\/\/tw10.com.br\/megaword\/?post_type=product&#038;p=520"},"modified":"2022-10-18T19:50:19","modified_gmt":"2022-10-18T19:50:19","slug":"cabo-de-forca-energia-tripolar-fonte-pc","status":"publish","type":"product","link":"https:\/\/megaword.com.br\/?product=cabo-de-forca-energia-tripolar-fonte-pc","title":{"rendered":"Cabo De For\u00e7a Energia Tripolar Fonte Pc"},"content":{"rendered":"<p><strong>Especifica\u00e7\u00f5es:<\/strong><br \/>\n&#8211; Cabo de for\u00e7a para PC<br \/>\n&#8211; Conector Padr\u00e3o<br \/>\n&#8211; Voltagem M\u00e1xima Suportada: 250V AC<br \/>\n&#8211; Comprimento do Cabo: 1,5m<br \/>\n&#8211; Certificado pelo Inmetro<\/p>\n","protected":false},"excerpt":{"rendered":"<p>Cabo De For\u00e7a Energia Padr\u00e3o<\/p>\n","protected":false},"featured_media":522,"comment_status":"open","ping_status":"closed","template":"","meta":{"_acf_changed":false},"product_brand":[],"product_cat":[42,45],"product_tag":[],"class_list":{"0":"post-520","1":"product","2":"type-product","3":"status-publish","4":"has-post-thumbnail","6":"product_cat-cabos","7":"product_cat-forca-vga","9":"first","10":"instock","11":"shipping-taxable","12":"purchasable","13":"product-type-simple"},"acf":[],"_links":{"self":[{"href":"https:\/\/megaword.com.br\/index.php?rest_route=\/wp\/v2\/product\/520","targetHints":{"allow":["GET"]}}],"collection":[{"href":"https:\/\/megaword.com.br\/index.php?rest_route=\/wp\/v2\/product"}],"about":[{"href":"https:\/\/megaword.com.br\/index.php?rest_route=\/wp\/v2\/types\/product"}],"replies":[{"embeddable":true,"href":"https:\/\/megaword.com.br\/index.php?rest_route=%2Fwp%2Fv2%2Fcomments&post=520"}],"wp:featuredmedia":[{"embeddable":true,"href":"https:\/\/megaword.com.br\/index.php?rest_route=\/wp\/v2\/media\/522"}],"wp:attachment":[{"href":"https:\/\/megaword.com.br\/index.php?rest_route=%2Fwp%2Fv2%2Fmedia&parent=520"}],"wp:term":[{"taxonomy":"product_brand","embeddable":true,"href":"https:\/\/megaword.com.br\/index.php?rest_route=%2Fwp%2Fv2%2Fproduct_brand&post=520"},{"taxonomy":"product_cat","embeddable":true,"href":"https:\/\/megaword.com.br\/index.php?rest_route=%2Fwp%2Fv2%2Fproduct_cat&post=520"},{"taxonomy":"product_tag","embeddable":true,"href":"https:\/\/megaword.com.br\/index.php?rest_route=%2Fwp%2Fv2%2Fproduct_tag&post=520"}],"curies":[{"name":"wp","href":"https:\/\/api.w.org\/{rel}","templated":true}]}}