{"id":557,"date":"2022-10-27T00:46:11","date_gmt":"2022-10-27T00:46:11","guid":{"rendered":"https:\/\/tw10.com.br\/megaword\/?post_type=product&#038;p=557"},"modified":"2022-10-27T00:46:11","modified_gmt":"2022-10-27T00:46:11","slug":"cabo-extensor-usb-de-5-metros-amaf-macho-x-femea","status":"publish","type":"product","link":"https:\/\/megaword.com.br\/?product=cabo-extensor-usb-de-5-metros-amaf-macho-x-femea","title":{"rendered":"Cabo Extensor USB de 5 Metros AM+AF Macho x F\u00eamea"},"content":{"rendered":"<ul>\n<li>Comprimento: 5 metros<\/li>\n<li>Conex\u00e3o: USB 2.0 AM Macho A x USB 2.0 AF F\u00eamea A<\/li>\n<li>Filtro contra oscila\u00e7\u00f5es e interfer\u00eancias<\/li>\n<li>Sistemas Operacionais Compat\u00edveis: Windows, Linux e Mac<\/li>\n<li>Compatibilidade: USB 1.1 e 2.0 (3.0 funciona com limita\u00e7\u00e3o de velocidade a 2.0)<\/li>\n<li>Cor: Preto<\/li>\n<\/ul>\n","protected":false},"excerpt":{"rendered":"<p>Cabo extensor USB macho x f\u00eamea de 5 metros de comprimento \u00e9 ideal para deixar o seu ambiente de trabalho mais pr\u00e1tico, podendo conectar dispositivos de forma f\u00e1cil e r\u00e1pida sem precisar se locomover at\u00e9 os equipamentos.<\/p>\n<p>Pode ser usado tamb\u00e9m para conectar notebooks e computadores a diversos modelos de impressoras, scanners e multifuncionais quando os mesmos est\u00e3o mais distantes (Para alimenta\u00e7\u00e3o via USB, recomenda-se o uso de equipamentos com consumo energ\u00e9tico de at\u00e9 500mA).<\/p>\n","protected":false},"featured_media":560,"comment_status":"open","ping_status":"closed","template":"","meta":{"_acf_changed":false},"product_brand":[],"product_cat":[46,42],"product_tag":[],"class_list":{"0":"post-557","1":"product","2":"type-product","3":"status-publish","4":"has-post-thumbnail","6":"product_cat-cabo-usb","7":"product_cat-cabos","9":"first","10":"instock","11":"shipping-taxable","12":"purchasable","13":"product-type-simple"},"acf":[],"_links":{"self":[{"href":"https:\/\/megaword.com.br\/index.php?rest_route=\/wp\/v2\/product\/557","targetHints":{"allow":["GET"]}}],"collection":[{"href":"https:\/\/megaword.com.br\/index.php?rest_route=\/wp\/v2\/product"}],"about":[{"href":"https:\/\/megaword.com.br\/index.php?rest_route=\/wp\/v2\/types\/product"}],"replies":[{"embeddable":true,"href":"https:\/\/megaword.com.br\/index.php?rest_route=%2Fwp%2Fv2%2Fcomments&post=557"}],"wp:featuredmedia":[{"embeddable":true,"href":"https:\/\/megaword.com.br\/index.php?rest_route=\/wp\/v2\/media\/560"}],"wp:attachment":[{"href":"https:\/\/megaword.com.br\/index.php?rest_route=%2Fwp%2Fv2%2Fmedia&parent=557"}],"wp:term":[{"taxonomy":"product_brand","embeddable":true,"href":"https:\/\/megaword.com.br\/index.php?rest_route=%2Fwp%2Fv2%2Fproduct_brand&post=557"},{"taxonomy":"product_cat","embeddable":true,"href":"https:\/\/megaword.com.br\/index.php?rest_route=%2Fwp%2Fv2%2Fproduct_cat&post=557"},{"taxonomy":"product_tag","embeddable":true,"href":"https:\/\/megaword.com.br\/index.php?rest_route=%2Fwp%2Fv2%2Fproduct_tag&post=557"}],"curies":[{"name":"wp","href":"https:\/\/api.w.org\/{rel}","templated":true}]}}