{"id":574,"date":"2022-10-31T13:09:14","date_gmt":"2022-10-31T13:09:14","guid":{"rendered":"https:\/\/tw10.com.br\/megaword\/?post_type=product&#038;p=574"},"modified":"2022-10-31T13:09:14","modified_gmt":"2022-10-31T13:09:14","slug":"mouse-sem-fio-slim-1000-dpi-preto-c3-tech","status":"publish","type":"product","link":"https:\/\/megaword.com.br\/?product=mouse-sem-fio-slim-1000-dpi-preto-c3-tech","title":{"rendered":"Mouse Sem fio Slim 1000 DPI &#8211; Preto &#8211; C3 TECH"},"content":{"rendered":"<p>Especifica\u00e7\u00f5es:<br \/>\nFabricante: C3Tech<br \/>\nModelo: M-W17<br \/>\nBot\u00f5es: 3 + Rolamento<br \/>\nTipo de sensor: \u00d3ptico<br \/>\nResolu\u00e7\u00e3o DPI : 1000<br \/>\nConectividade: Sem fio (Wireless 2.4Ghz)<br \/>\nReceiver sem fio:USB 2.0<br \/>\nAlimenta\u00e7\u00e3o: 2 Pilha AAA (Pilha) Inclusa<br \/>\nConectividade Plug And Play, compat\u00edvel com todas as vers\u00f5es de Windows dispon\u00edveis no mercado<\/p>\n<p>Conte\u00fado da embalagem:<br \/>\n1 x Mouse sem fio<br \/>\n1 x Adaptador USB<br \/>\n2 x Pilhas<\/p>\n","protected":false},"excerpt":{"rendered":"<p>Mouse Sem Fio C3 Plus com Receptor nano USB<br \/>\nJogue, crie conte\u00fado, navegue ou trabalhe com o mouse \u00f3ptico sem fio. Este mouse foi desenvolvido ergonomicamente para proporcionar conforto mesmo com uso intenso. Os bot\u00f5es s\u00e3o feitos de materiais de qualidade oferecendo confiabilidade e durabilidade. Seu adaptador USB proporciona o uso por at\u00e9 10m de dist\u00e2ncia.<\/p>\n","protected":false},"featured_media":575,"comment_status":"open","ping_status":"closed","template":"","meta":{"_acf_changed":false},"product_brand":[],"product_cat":[50],"product_tag":[],"class_list":{"0":"post-574","1":"product","2":"type-product","3":"status-publish","4":"has-post-thumbnail","6":"product_cat-mouse","8":"first","9":"instock","10":"shipping-taxable","11":"purchasable","12":"product-type-simple"},"acf":[],"_links":{"self":[{"href":"https:\/\/megaword.com.br\/index.php?rest_route=\/wp\/v2\/product\/574","targetHints":{"allow":["GET"]}}],"collection":[{"href":"https:\/\/megaword.com.br\/index.php?rest_route=\/wp\/v2\/product"}],"about":[{"href":"https:\/\/megaword.com.br\/index.php?rest_route=\/wp\/v2\/types\/product"}],"replies":[{"embeddable":true,"href":"https:\/\/megaword.com.br\/index.php?rest_route=%2Fwp%2Fv2%2Fcomments&post=574"}],"wp:featuredmedia":[{"embeddable":true,"href":"https:\/\/megaword.com.br\/index.php?rest_route=\/wp\/v2\/media\/575"}],"wp:attachment":[{"href":"https:\/\/megaword.com.br\/index.php?rest_route=%2Fwp%2Fv2%2Fmedia&parent=574"}],"wp:term":[{"taxonomy":"product_brand","embeddable":true,"href":"https:\/\/megaword.com.br\/index.php?rest_route=%2Fwp%2Fv2%2Fproduct_brand&post=574"},{"taxonomy":"product_cat","embeddable":true,"href":"https:\/\/megaword.com.br\/index.php?rest_route=%2Fwp%2Fv2%2Fproduct_cat&post=574"},{"taxonomy":"product_tag","embeddable":true,"href":"https:\/\/megaword.com.br\/index.php?rest_route=%2Fwp%2Fv2%2Fproduct_tag&post=574"}],"curies":[{"name":"wp","href":"https:\/\/api.w.org\/{rel}","templated":true}]}}