{"id":577,"date":"2022-10-31T13:20:32","date_gmt":"2022-10-31T13:20:32","guid":{"rendered":"https:\/\/tw10.com.br\/megaword\/?post_type=product&#038;p=577"},"modified":"2022-10-31T13:20:32","modified_gmt":"2022-10-31T13:20:32","slug":"teclado-usb-com-fio-c3-tech","status":"publish","type":"product","link":"https:\/\/megaword.com.br\/?product=teclado-usb-com-fio-c3-tech","title":{"rendered":"Teclado Usb Com Fio C3 Tech"},"content":{"rendered":"<p>Dimens\u00e3o: 438*128*22 mm<br \/>\nPeso: 345g<br \/>\nConex\u00e3o: USB 1.1\/2.0<br \/>\nRaio de Comunica\u00e7\u00e3o Sem: Fio: N\/A<br \/>\nTipo de Receptor Sem Fio: N\/A<br \/>\nSistema de Tecla: Membrana<br \/>\nTipo de Switch \/ Tecla: Tecla Alta<br \/>\nTipo de Grava\u00e7\u00e3o na Tecla \/ Serigrafia: Silk<br \/>\nQtde Bot\u00f5es: 107<br \/>\nLayout ABNT2<br \/>\nPossui Atalhos Multim\u00eddia: N\u00e3o<br \/>\nPossui Ilumina\u00e7\u00e3o: N\u00e3o<br \/>\nTipo de Ilumina\u00e7\u00e3o: N\u00e3o<br \/>\nPossui Ajuste de Altura: Sim<br \/>\nComprimento de Cabo: 1.2 m<br \/>\nRevestimento de Cabo: PVC<br \/>\nAnti-Respingo: Sim<br \/>\nErgon\u00f4mico: N\u00e3o<br \/>\nPlug and Play: Sim<br \/>\nCompatibilidade: Windows 7\/8\/10<br \/>\nPossui Software: N\u00e3o<br \/>\nPossui Macro: N\u00e3o<br \/>\nPossui Ilumina\u00e7\u00e3o: N\u00e3o<br \/>\nPossui Atalho para Bloqueio de Tecla FN: N\u00e3o<br \/>\nPossui Anti-Ghosting: N\u00e3o<br \/>\nTens\u00e3o de Opera\u00e7\u00e3o: DC 5V<br \/>\nCorrente de Opera\u00e7\u00e3o: 300mA<br \/>\nConsumo: 1 watts<br \/>\nAlimenta\u00e7\u00e3o: USB<br \/>\nFor\u00e7a de Acionamento de Tecla: 55\u00b110gf<br \/>\nPress\u00e3o de acionamento das Teclas: =1.0kgf<br \/>\nCurso total: 4.2 mm + \/ &#8211; 0.5 mm.<br \/>\nDist\u00e2ncia de Acionamento de Tecla: 0.9 mm<br \/>\nTempo de Vida de Tecla 8 milh\u00f5es de acionamentos<br \/>\nTemperatura Ambiente para Opera\u00e7\u00e3o: 5\u00b0C a 50\u00b0C<br \/>\nUmidade Ambiente para Opera\u00e7\u00e3o: 10% ~ 85% RH<\/p>\n","protected":false},"excerpt":{"rendered":"<p>Traga mais espa\u00e7o a sua mesa com o teclado C3, o teclado perfeito para o seu computador e ideal para o seu escritorio. Seu design elegante se adapta a diversos ambientes, tornando-o um excelente acessorio para o dia a dia<\/p>\n","protected":false},"featured_media":578,"comment_status":"open","ping_status":"closed","template":"","meta":{"_acf_changed":false},"product_brand":[],"product_cat":[34],"product_tag":[],"class_list":{"0":"post-577","1":"product","2":"type-product","3":"status-publish","4":"has-post-thumbnail","6":"product_cat-teclado","8":"first","9":"instock","10":"shipping-taxable","11":"purchasable","12":"product-type-simple"},"acf":[],"_links":{"self":[{"href":"https:\/\/megaword.com.br\/index.php?rest_route=\/wp\/v2\/product\/577","targetHints":{"allow":["GET"]}}],"collection":[{"href":"https:\/\/megaword.com.br\/index.php?rest_route=\/wp\/v2\/product"}],"about":[{"href":"https:\/\/megaword.com.br\/index.php?rest_route=\/wp\/v2\/types\/product"}],"replies":[{"embeddable":true,"href":"https:\/\/megaword.com.br\/index.php?rest_route=%2Fwp%2Fv2%2Fcomments&post=577"}],"wp:featuredmedia":[{"embeddable":true,"href":"https:\/\/megaword.com.br\/index.php?rest_route=\/wp\/v2\/media\/578"}],"wp:attachment":[{"href":"https:\/\/megaword.com.br\/index.php?rest_route=%2Fwp%2Fv2%2Fmedia&parent=577"}],"wp:term":[{"taxonomy":"product_brand","embeddable":true,"href":"https:\/\/megaword.com.br\/index.php?rest_route=%2Fwp%2Fv2%2Fproduct_brand&post=577"},{"taxonomy":"product_cat","embeddable":true,"href":"https:\/\/megaword.com.br\/index.php?rest_route=%2Fwp%2Fv2%2Fproduct_cat&post=577"},{"taxonomy":"product_tag","embeddable":true,"href":"https:\/\/megaword.com.br\/index.php?rest_route=%2Fwp%2Fv2%2Fproduct_tag&post=577"}],"curies":[{"name":"wp","href":"https:\/\/api.w.org\/{rel}","templated":true}]}}