{"id":612,"date":"2022-11-18T15:54:58","date_gmt":"2022-11-18T15:54:58","guid":{"rendered":"https:\/\/tw10.com.br\/megaword\/?post_type=product&#038;p=612"},"modified":"2023-06-04T01:16:29","modified_gmt":"2023-06-04T01:16:29","slug":"impressora-multifuncional-monocromatica-lexmark-x464-semi-nova","status":"publish","type":"product","link":"https:\/\/megaword.com.br\/?product=impressora-multifuncional-monocromatica-lexmark-x464-semi-nova","title":{"rendered":"Impressora Multifuncional Monocrom\u00e1tica \u2013 Lexmark X464 semi nova"},"content":{"rendered":"<p>Especifica\u00e7\u00f5es:<\/p>\n<p>&#8211; Marca: Lexmark<br \/>\n&#8211; Modelo: x464<br \/>\n&#8211; Condi\u00e7\u00e3o: Revisado\/Usado<\/p>\n<p>Impress\u00e3o:<\/p>\n<p>&#8211; Velocidade de Impress\u00e3o (A4, Preto): At\u00e9 38 ppm (p\u00e1ginas por minuto)<br \/>\n&#8211; Velocidade de Impress\u00e3o (A4, Preto) Duplex: At\u00e9 18 ppm<br \/>\n&#8211; Velocidade de Impress\u00e3o (Carta, Preto): At\u00e9 40 ppm (p\u00e1ginas por minuto)<br \/>\n&#8211; Velocidade de Impress\u00e3o (Carta, Preto) Duplex: At\u00e9 18 ppm<br \/>\n&#8211; Tempo Para a Primeira P\u00e1gina (Preto): 6.5 segundos<br \/>\n&#8211; Velocidade de reprodu\u00e7\u00e3o (A4, em preto): At\u00e9 38 cpm<br \/>\n&#8211; Velocidade de reprodu\u00e7\u00e3o (A4, em preto) duplex: At\u00e9 18 ppm<\/p>\n<p>Scanner:<\/p>\n<p>&#8211; Velocidade de digitaliza\u00e7\u00e3o (A4, em preto): At\u00e933 \/ 35 Lados por minuto<br \/>\n&#8211; Velocidade de digitaliza\u00e7\u00e3o (A4, em cores): At\u00e9 19 \/ 20 Lados por minuto<br \/>\n&#8211; Velocidade de digitaliza\u00e7\u00e3o duplex (A4, em preto): At\u00e912 \/ 13 Lados por minuto<br \/>\n&#8211; Velocidade de digitaliza\u00e7\u00e3o duplex (A4, em cores): At\u00e98 \/ 8 Lados por minuto<br \/>\n&#8211; Resolu\u00e7\u00e3o de Impress\u00e3o, Preto: Qualidade Imagem 1200, 1200 x 1200 dpi; Qualidade Imagem 2400, 600 x 600 dpi<br \/>\n&#8211; Resolu\u00e7\u00e3o de Digitaliza\u00e7\u00e3o (Scanning): 600 X 600 dpi (preto)<\/p>\n<p>Interfaces de comunica\u00e7\u00e3o:<\/p>\n<p>&#8211; USB 2.0<\/p>\n<p>Consumo de energia:<\/p>\n<p>&#8211; 540 Watts<\/p>\n<p>*O produto acima \u00e9 usado e foi revisado por nossa equipe, ent\u00e3o pode haver pequenas marcas de uso *<\/p>\n","protected":false},"excerpt":{"rendered":"<p>Um multifuncional 4 em 1 confi\u00e1vel com impress\u00e3o duplex, c\u00f3pia, digitaliza\u00e7\u00e3o e envio\/recebimento de faxes a alta velocidade, o Lexmark X464de re\u00fane todas as suas fun\u00e7\u00f5es essenciais de documentos num \u00fanico equipamento eficiente<\/p>\n","protected":false},"featured_media":620,"comment_status":"open","ping_status":"closed","template":"","meta":{"_acf_changed":false},"product_brand":[],"product_cat":[57,56],"product_tag":[],"class_list":{"0":"post-612","1":"product","2":"type-product","3":"status-publish","4":"has-post-thumbnail","6":"product_cat-impressora","7":"product_cat-semi-novos","9":"first","10":"instock","11":"shipping-taxable","12":"purchasable","13":"product-type-simple"},"acf":[],"_links":{"self":[{"href":"https:\/\/megaword.com.br\/index.php?rest_route=\/wp\/v2\/product\/612","targetHints":{"allow":["GET"]}}],"collection":[{"href":"https:\/\/megaword.com.br\/index.php?rest_route=\/wp\/v2\/product"}],"about":[{"href":"https:\/\/megaword.com.br\/index.php?rest_route=\/wp\/v2\/types\/product"}],"replies":[{"embeddable":true,"href":"https:\/\/megaword.com.br\/index.php?rest_route=%2Fwp%2Fv2%2Fcomments&post=612"}],"wp:featuredmedia":[{"embeddable":true,"href":"https:\/\/megaword.com.br\/index.php?rest_route=\/wp\/v2\/media\/620"}],"wp:attachment":[{"href":"https:\/\/megaword.com.br\/index.php?rest_route=%2Fwp%2Fv2%2Fmedia&parent=612"}],"wp:term":[{"taxonomy":"product_brand","embeddable":true,"href":"https:\/\/megaword.com.br\/index.php?rest_route=%2Fwp%2Fv2%2Fproduct_brand&post=612"},{"taxonomy":"product_cat","embeddable":true,"href":"https:\/\/megaword.com.br\/index.php?rest_route=%2Fwp%2Fv2%2Fproduct_cat&post=612"},{"taxonomy":"product_tag","embeddable":true,"href":"https:\/\/megaword.com.br\/index.php?rest_route=%2Fwp%2Fv2%2Fproduct_tag&post=612"}],"curies":[{"name":"wp","href":"https:\/\/api.w.org\/{rel}","templated":true}]}}